{"id":83485,"date":"2025-07-16T10:52:31","date_gmt":"2025-07-16T08:52:31","guid":{"rendered":"https:\/\/www.castellogabbiano.it\/disavowal\/"},"modified":"2025-07-16T10:59:41","modified_gmt":"2025-07-16T08:59:41","slug":"disconoscimento","status":"publish","type":"page","link":"https:\/\/castellogabbiano.it\/it\/disconoscimento\/","title":{"rendered":"Disconoscimento"},"content":{"rendered":"\n<!-- Legal document generated by Complianz | GDPR\/CCPA Cookie Consent https:\/\/wordpress.org\/plugins\/complianz-gdpr -->\n<div id=\"cmplz-document\" class=\"cmplz-document disclaimer cmplz-document-all\"><p>Beringer Blass Italia srl si impegna a mantenere questo sito aggiornato e accurato. Se dovessi comunque riscontrare qualcosa di incorretto o non aggiornato, ti saremmo grati se potessi farcelo sapere. Sei pregato di indicare in quale zona del sito web hai letto l'informazione. Lo esamineremo al pi\u00f9 presto. Invia la tua risposta via email a: <span class=\"cmplz-obfuscate\">c&#097;&#115;t&#101;&#108;&#108;o&#103;&#097;bb&#105;an&#111;@<span class=\"cmplz-fmail-domain\">&#101;x&#046;&#099;om<\/span>c&#097;s&#116;&#101;&#108;&#108;&#111;&#103;&#097;&#098;b&#105;&#097;n&#111;.&#105;&#116;<\/span>.<\/p><p>Non siamo responsabili per la perdita a causa di inesattezze o incompletezza, n\u00e9 per la perdita derivante da problemi causati o inerenti alla diffusione di informazioni attraverso Internet, come disservizi o interruzioni. Quando si utilizzano i moduli Web, ci impegniamo a limitare al minimo il numero di campi obbligatori. Per qualsiasi perdita subita a causa dell'uso di dati, consigli o idee forniti da o per conto di Beringer Blass Italia srl tramite questo sito web, Beringer Blass Italia srl non si assume alcuna responsabilit\u00e0.<\/p><p>L'utilizzo del sito Web e di tutti i suoi componenti (inclusi i forum) \u00e8 soggetto alle <a href=\"https:\/\/castellogabbiano.it\/terms-of-sale\" target=\"_blank\">condizioni d'uso<\/a>. Il semplice utilizzo di questo sito web implica la conoscenza e l'accettazione di queste condizioni d'uso.<\/p><p>Le risposte e le domande sulla privacy inviate via e-mail o utilizzando un modulo web saranno trattate allo stesso modo delle lettere. Ci\u00f2 significa che \u00e8 possibile aspettarsi una risposta da noi entro un periodo di 1 mese al massimo. Nel caso di richieste complesse, ti faremo sapere entro 1 mese se abbiamo bisogno di un massimo di 3 mesi.<\/p><p>Qualsiasi dato personale che ci fornisci nel contesto della tua risposta o richiesta di informazioni verr\u00e0 utilizzato solo in conformit\u00e0 con la nostra dichiarazione sulla privacy.<\/p><p>Beringer Blass Italia srl deve fare tutto il possibile per proteggere il proprio sistema contro qualsiasi forma di uso illegale. Beringer Blass Italia srl deve implementare misure tecniche e organizzative per questo scopo, prendendo in considerazione, tra le altre cose, lo stato dell'arte. Tuttavia, non sar\u00e0 responsabile di alcuna perdita, diretta e\/o indiretta, subita da un utente del sito web, che si manifesta a seguito dell'uso illegale dei suoi sistemi da parte di terzi.<\/p><p>Beringer Blass Italia srl non si assume alcuna responsabilit\u00e0 per il contenuto dei siti Web a cui o da cui viene effettuato un collegamento ipertestuale o un altro riferimento. I prodotti o servizi offerti da terze parti sono soggetti ai termini e alle condizioni applicabili di terze parti.<\/p><p>I nostri dipendenti faranno di tutto per garantire l'accessibilit\u00e0 al sito web e di migliorarlo costantemente. Compreso per le persone che usano software speciali a causa di una disabilit\u00e0.<\/p><p>Questo sito web \u00e8 pertanto costruito seguendo le linee guida WCAG 2.1 di livello AA. Queste linee guida sono accordi riconosciuti internazionalmente sull'accessibilit\u00e0, sostenibilit\u00e0, intercambiabilit\u00e0 e reperibilit\u00e0 del sito web.<\/p><p>Tutti i diritti di propriet\u00e0 intellettuale sui contenuti di questo sito Web sono attribuiti a Beringer Blass Italia srl o a terzi che hanno inserito i contenuti loro stessi o da cui Beringer Blass Italia srl ha ottenuto una licenza utente.<\/p><p>La copia, la diffusione e qualsiasi altro uso di questi materiali non \u00e8 consentita senza il permesso scritto di Beringer Blass Italia srl, ad eccezione e solo nella misura in cui diversamente previsto dalle norme di legge obbligatoria (come il diritto di citazione), a meno che il contenuto specifico non indichi diversamente.<\/p><p>Se hai domande o problemi con l'accessibilit\u00e0 del sito web, non esitare a contattarci.<\/p><\/div>\n","protected":false},"excerpt":{"rendered":"","protected":false},"author":1,"featured_media":0,"parent":0,"menu_order":0,"comment_status":"closed","ping_status":"closed","template":"","meta":{"footnotes":""},"class_list":["post-83485","page","type-page","status-publish","hentry"],"_links":{"self":[{"href":"https:\/\/castellogabbiano.it\/it\/wp-json\/wp\/v2\/pages\/83485","targetHints":{"allow":["GET"]}}],"collection":[{"href":"https:\/\/castellogabbiano.it\/it\/wp-json\/wp\/v2\/pages"}],"about":[{"href":"https:\/\/castellogabbiano.it\/it\/wp-json\/wp\/v2\/types\/page"}],"author":[{"embeddable":true,"href":"https:\/\/castellogabbiano.it\/it\/wp-json\/wp\/v2\/users\/1"}],"replies":[{"embeddable":true,"href":"https:\/\/castellogabbiano.it\/it\/wp-json\/wp\/v2\/comments?post=83485"}],"version-history":[{"count":0,"href":"https:\/\/castellogabbiano.it\/it\/wp-json\/wp\/v2\/pages\/83485\/revisions"}],"wp:attachment":[{"href":"https:\/\/castellogabbiano.it\/it\/wp-json\/wp\/v2\/media?parent=83485"}],"curies":[{"name":"wp","href":"https:\/\/api.w.org\/{rel}","templated":true}]}}