{"id":77375,"date":"2023-03-23T11:36:51","date_gmt":"2023-03-23T11:36:51","guid":{"rendered":"https:\/\/www.castellogabbiano.it\/?page_id=77375"},"modified":"2023-03-23T11:38:44","modified_gmt":"2023-03-23T11:38:44","slug":"cookie-policy","status":"publish","type":"page","link":"https:\/\/castellogabbiano.it\/it\/cookie-policy\/","title":{"rendered":"Cookie Policy"},"content":{"rendered":"\t\t<div data-elementor-type=\"wp-page\" data-elementor-id=\"77375\" class=\"elementor elementor-77375 elementor-77374\" data-elementor-post-type=\"page\">\n\t\t\t\t\t\t<section data-particle_enable=\"false\" data-particle-mobile-disabled=\"false\" class=\"elementor-section elementor-top-section elementor-element elementor-element-d3b9168 scheme_default elementor-section-boxed elementor-section-height-default elementor-section-height-default sc_fly_static\" data-id=\"d3b9168\" data-element_type=\"section\" data-settings=\"{&quot;background_background&quot;:&quot;classic&quot;,&quot;ekit_has_onepagescroll_dot&quot;:&quot;yes&quot;}\">\n\t\t\t\t\t\t<div class=\"elementor-container elementor-column-gap-extended\">\n\t\t\t\t\t<div class=\"elementor-column elementor-col-100 elementor-top-column elementor-element elementor-element-c59a420 sc_inner_width_none sc_content_align_inherit sc_layouts_column_icons_position_left sc_fly_static\" data-id=\"c59a420\" data-element_type=\"column\">\n\t\t\t<div class=\"elementor-widget-wrap elementor-element-populated\">\n\t\t\t\t\t\t<div class=\"elementor-element elementor-element-9690490 sc_height_huge elementor-widget elementor-widget-spacer\" data-id=\"9690490\" data-element_type=\"widget\" data-settings=\"{&quot;ekit_we_effect_on&quot;:&quot;none&quot;}\" data-widget_type=\"spacer.default\">\n\t\t\t\t\t\t\t<div class=\"elementor-spacer\">\n\t\t\t<div class=\"elementor-spacer-inner\"><\/div>\n\t\t<\/div>\n\t\t\t\t\t\t<\/div>\n\t\t\t\t<div class=\"elementor-element elementor-element-2f4a57b elementor-widget elementor-widget-text-editor\" data-id=\"2f4a57b\" data-element_type=\"widget\" data-settings=\"{&quot;ekit_we_effect_on&quot;:&quot;none&quot;}\" data-widget_type=\"text-editor.default\">\n\t\t\t\t\t\t\t\t\t<h2>Uso dei cookie<\/h2><p>Questo sito utilizza i Cookie per rendere i propri servizi semplici e efficienti per l\u2019utenza che visiona le pagine.<\/p><p>Vi sono\u00a0<strong>vari tipi di cookie<\/strong>, alcuni per rendere pi\u00f9 efficace l\u2019uso del Sito, altri per abilitare determinate funzionalit\u00e0.<\/p><p>Analizzandoli in maniera particolareggiata i nostri cookie permettono di:<\/p><ul><li>memorizzare le preferenze inserite (per esempio la lingua di consultazione)<\/li><li>analizzare in forma anonima e non aggregata i dati di navigazione attraverso sistemi di statistiche del sito web<\/li><\/ul><h2>Tipologie di Cookie utilizzati<\/h2><p>A seguire i vari tipi di cookie utilizzati in funzione delle finalit\u00e0 d\u2019uso<\/p><h3>COOKIE TECNICI<\/h3><p>Questa tipologia di cookie \u00e8 strettamente necessaria al\u00a0<strong>corretto funzionamento di alcune sezioni del Sito<\/strong>. Sono di due categorie: persistenti e di sessione:<\/p><ul><li><strong>persistenti<\/strong>: una volta chiuso il browser non vengono distrutti ma rimangono fino ad una data di scadenza preimpostata<\/li><li><strong>di sessioni<\/strong>: vengono distrutti ogni volta che il browser viene chiuso<\/li><\/ul><p>Questi cookie, inviati sempre dal nostro dominio,\u00a0<strong>sono necessari a visualizzare correttamente il sito<\/strong>\u00a0e in relazione ai servizi tecnici offerti, verranno quindi\u00a0<strong>sempre utilizzati e inviati<\/strong>, a meno che l\u2019utenza non modifichi le impostazioni nel proprio browser (inficiando cos\u00ec la visualizzazione delle pagine del sito).<\/p><h3>COOKIE ANALITICI<\/h3><p>I cookie in questa categoria vengono utilizzati per\u00a0<strong>collezionare informazioni sull\u2019uso del sito<\/strong>. Useremo queste informazioni in merito ad\u00a0<strong>analisi statistiche anonime<\/strong>\u00a0al fine di migliorare l\u2019utilizzo del Sito e per rendere i contenuti pi\u00f9 interessanti e attinenti ai desideri dell\u2019utenza. Questa tipologia di cookie raccoglie dati in\u00a0<strong>forma anonima<\/strong>\u00a0sull\u2019attivit\u00e0 dell\u2019utenza e su come \u00e8 arrivata sul Sito. I cookie analitici sono inviati dal Sito Stesso o da domini di terze parti.<\/p><h3>COOKIE DI ANALISI DI SERVIZI DI TERZE PARTI<\/h3><p>Questi cookie sono utilizzati al fine di raccogliere informazioni sull\u2019<strong>uso del Sito<\/strong>\u00a0da parte degli utenti in\u00a0<strong>forma anonima<\/strong>\u00a0quali: pagine visitate, tempo di permanenza, origini del traffico di provenienza, provenienza geografica, et\u00e0, genere e interessi ai fini di campagne di marketing. Questi cookie sono inviati da domini di terze parti esterni al Sito, nel nostro caso da Google Analytics.<\/p><h3>COOKIE PER INTEGRARE PRODOTTI E FUNZIONI DI SOFTWARE DI TERZE PARTI<\/h3><p>Questa tipologia di cookie\u00a0<strong>integra funzionalit\u00e0 sviluppate da terzi<\/strong>\u00a0all\u2019interno delle pagine del Sito come le icone e le preferenze espresse nei social network al fine di condivisione dei contenuti del sito o per l\u2019uso di servizi software di terze parti (come i software per generare le mappe e ulteriori software che offrono servizi aggiuntivi). Questi cookie sono inviati da\u00a0<strong>domini di terze parti<\/strong>\u00a0e da\u00a0<strong>siti partner<\/strong>\u00a0che offrono le loro funzionalit\u00e0 tra le pagine del Sito.<\/p><h3>COOKIE DI PROFILAZIONE<\/h3><p>Sono quei cookie necessari a creare profili utenti al fine di inviare messaggi pubblicitari in linea con le preferenze manifestate dall\u2019utente all\u2019interno delle pagine del Sito.<\/p><p>Nel nostro Sito\u00a0<strong>NON utilizziamo cookie di profilazione<\/strong>.<\/p><hr \/><p>Posizionamento-seo.com, secondo la normativa vigente, non \u00e8 tenuto a chiedere consenso per i\u00a0<strong>cookie tecnici<\/strong>, in quanto necessari a fornire i servizi richiesti.<\/p><p>Per tutte le altre tipologie di cookie il consenso pu\u00f2 essere espresso dall\u2019Utente con una o pi\u00f9 di una delle seguenti modalit\u00e0:<\/p><ul><li><strong>Mediante specifiche configurazioni del browser<\/strong>\u00a0utilizzato o dei relativi programmi informatici utilizzati per navigare le pagine che compongono il Sito.<\/li><li><strong>Mediante modifica delle impostazioni<\/strong>\u00a0nell\u2019uso dei servizi di terze parti<\/li><li>Eliminazione dei cookie installati per mezzo del\u00a0<strong>bottone a seguire<\/strong>\u00a0(comporta che si lasci il sito)<\/li><\/ul><p>Entrambe queste soluzioni potrebbero impedire all\u2019utente di utilizzare o visualizzare parti del Sito.<\/p><div><div><div><div><div><div><p><strong>Siti Web e servizi di terze parti<\/strong><\/p><p>Il Sito potrebbe contenere collegamenti ad altri siti Web che dispongono di una propria informativa sulla privacy che pu\u00f2 essere diverse da quella adottata e che che quindi\u00a0<strong>non risponde<\/strong>\u00a0di questi siti.<\/p><hr \/><h2>Cookie utilizzati<\/h2><div id=\"cookieTable\"><table><thead><tr><td>Tipo di Cookie<\/td><td>Descrizione dell\u2019uso<\/td><td>Dati Raccolti<\/td><td>Policy Link e Luogo del trattamento<\/td><\/tr><\/thead><tbody><tr><td><strong>Form o Modulo di Contatto<\/strong><\/td><td>L\u2019utente acconsente all\u2019utilizzo dei dati inseriti nel form di contatto al fine di rispondere alle richieste di preventivo, di informazione, o di qualunque altro motivo (indicato nel titolo del modulo).<\/td><td>Nome, email e telefono<\/td><td>Dati non conservati<\/td><\/tr><tr><td>Pulsante\u00a0<strong>Mi Piace<\/strong>\u00a0e servizi terzi di\u00a0<strong>Facebook, Inc.<\/strong><\/td><td>Il pulsante \u201cMi Piace\u201d e i servizi di Facebook sono necessari all\u2019interazione con il social network Facebook e vengono forniti da Facebook, Inc.<\/td><td>Cookie e dati di utilizzo<\/td><td>USA \u2013\u00a0<a href=\"http:\/\/www.facebook.com\/privacy\/explanation.php\" target=\"_blank\" rel=\"nofollow noopener noreferrer\">Privacy Policy<\/a>\u00a0\u2013\u00a0<a href=\"https:\/\/www.facebook.com\/help\/cookies?ref_type=sitefooter\" target=\"_blank\" rel=\"nofollow noopener noreferrer\">Maggiori informazioni<\/a><\/td><\/tr><tr><td>Pulsante\u00a0<strong>Tweet<\/strong>\u00a0e servizi terzi di\u00a0<strong>Twitter, Inc.<\/strong><\/td><td>Il pulsante \u201cTweet\u201d e i servizi correlati sono necessari all\u2019interazione con il social network Twitter e vengono forniti da Twitter, Inc.<\/td><td>Cookie e dati di utilizzo<\/td><td>USA \u2013\u00a0<a href=\"http:\/\/twitter.com\/privacy\" target=\"_blank\" rel=\"nofollow noopener noreferrer\">Privacy Policy<\/a>\u00a0\u2013\u00a0<a href=\"https:\/\/support.twitter.com\/articles\/20170519-uso-dei-cookie-e-di-altre-tecnologie-simili-da-parte-di-twitter#\" target=\"_blank\" rel=\"nofollow noopener noreferrer\">Maggiori informazioni<\/a><\/td><\/tr><tr><td>Pulsante\u00a0<strong>Google+<\/strong>\u00a0e servizi terzi di\u00a0<strong>Google Inc.<\/strong><\/td><td>Il pulsante \u201c+1\u201d e i servizi correlati a Google+ sono necessari all\u2019interazione con il social network Google Plus e vengono forniti da Google, Inc.<\/td><td>Cookie e dati di utilizzo<\/td><td>USA \u2013\u00a0<a href=\"http:\/\/www.google.com\/intl\/it\/policies\/privacy\/\" target=\"_blank\" rel=\"nofollow noopener noreferrer\">Privacy Policy<\/a>\u00a0\u2013\u00a0<a href=\"https:\/\/www.google.com\/settings\/u\/0\/ads?hl=it&amp;sig=ACi0TCiGVtQo3-M6KWk-W9FLb2ibvVcinVf7QTocMi5pUGsx67qs34yjO2h6N2SfsAAN4bWW9lfY8Zj7PH8epB-TcvIHMSktGnGK9X2FszgcREeCvlRtHrzTtukXpeZgZUx-LeGXWH8JBDW-N24XPdYuAd6ezwnQxl4OFxY_ROB7YMnFRBrDJ2w\" target=\"_blank\" rel=\"nofollow noopener noreferrer\">Opt in<\/a><\/td><\/tr><tr><td><strong>Youtube<\/strong>\u00a0e servizi terzi di\u00a0<strong>Google Inc.<\/strong><\/td><td>Youtube \u00e8 un social network dedicato alla visualizzazione di contenuti video ed \u00e8 gestito da Google Inc. con la possibilit\u00e0 di integrare i contenuti all\u2019interno delle proprie pagine<\/td><td>Cookie e dati di utilizzo<\/td><td>USA \u2013\u00a0<a href=\"http:\/\/www.google.it\/intl\/it\/policies\/privacy\/\" target=\"_blank\" rel=\"nofollow noopener noreferrer\">Privacy Policy<\/a>\u00a0\u2013\u00a0<a href=\"https:\/\/www.google.com\/settings\/u\/0\/ads?hl=it&amp;sig=ACi0TCiGVtQo3-M6KWk-W9FLb2ibvVcinVf7QTocMi5pUGsx67qs34yjO2h6N2SfsAAN4bWW9lfY8Zj7PH8epB-TcvIHMSktGnGK9X2FszgcREeCvlRtHrzTtukXpeZgZUx-LeGXWH8JBDW-N24XPdYuAd6ezwnQxl4OFxY_ROB7YMnFRBrDJ2w\" target=\"_blank\" rel=\"nofollow noopener noreferrer\">Opt in<\/a><\/td><\/tr><tr><td><strong>Vimeo<\/strong>\u00a0di\u00a0<strong>Vimeo, LLC<\/strong><\/td><td>Vimeo \u00e8 un social network dedicato alla visualizzazione di contenuti video ed \u00e8 gestito da Vimeo, LLC con la possibilit\u00e0 di integrare i contenuti all\u2019interno delle proprie pagine<\/td><td>Cookie e dati di utilizzo<\/td><td>USA \u2013\u00a0<a href=\"http:\/\/vimeo.com\/privacy\" target=\"_blank\" rel=\"nofollow noopener noreferrer\">Privacy Policy<\/a><\/td><\/tr><tr><td>Analisi degli accessi di\u00a0<strong>Google Analytics<\/strong>\u00a0e servizi terzi di\u00a0<strong>Google Inc.<\/strong><\/td><td>Gli accessi e le interazioni dell\u2019utenza su questo sito sono analizzati mediante il servizio di Google Analytics gestito da Google, Inc.<\/td><td>Cookie e dati di utilizzo<\/td><td>USA \u2013\u00a0<a href=\"http:\/\/www.google.com\/intl\/it\/policies\/privacy\/\" target=\"_blank\" rel=\"nofollow noopener noreferrer\">Privacy Policy<\/a>\u00a0\u2013\u00a0<a href=\"https:\/\/www.google.com\/settings\/u\/0\/ads?hl=it&amp;sig=ACi0TCiGVtQo3-M6KWk-W9FLb2ibvVcinVf7QTocMi5pUGsx67qs34yjO2h6N2SfsAAN4bWW9lfY8Zj7PH8epB-TcvIHMSktGnGK9X2FszgcREeCvlRtHrzTtukXpeZgZUx-LeGXWH8JBDW-N24XPdYuAd6ezwnQxl4OFxY_ROB7YMnFRBrDJ2w\" target=\"_blank\" rel=\"nofollow noopener noreferrer\">Opt in<\/a><\/td><\/tr><tr><td><strong>Akismet<\/strong>\u00a0di\u00a0<strong>Automattic Inc.<\/strong><\/td><td>Il servizio di Akismet \u00e8 necessario a proteggere dallo SPAM le pagine di questo sito e viene fornito da Automattic Inc.<\/td><td>Varie tipologie di Dati (specificate nella privacy policy del servizio)<\/td><td>USA \u2013\u00a0<a href=\"http:\/\/automattic.com\/privacy\/\" target=\"_blank\" rel=\"nofollow noopener noreferrer\">Privacy Policy<\/a><\/td><\/tr><tr><td><strong>Google Fonts<\/strong>\u00a0servizio di\u00a0<strong>Google Inc.<\/strong><\/td><td>Google Fonts \u00e8 un servizio che permette di inglobare e visualizzare stili di carattere personalizzati ed \u00e8 gestito da da Google Inc.<\/td><td>Cookie e dati di utilizzo<\/td><td>USA \u2013\u00a0<a href=\"http:\/\/www.google.it\/intl\/en\/policies\/privacy\/\" target=\"_blank\" rel=\"nofollow noopener noreferrer\">Privacy Policy<\/a>\u00a0\u2013\u00a0<a href=\"https:\/\/www.google.com\/settings\/u\/0\/ads?hl=it&amp;sig=ACi0TCiGVtQo3-M6KWk-W9FLb2ibvVcinVf7QTocMi5pUGsx67qs34yjO2h6N2SfsAAN4bWW9lfY8Zj7PH8epB-TcvIHMSktGnGK9X2FszgcREeCvlRtHrzTtukXpeZgZUx-LeGXWH8JBDW-N24XPdYuAd6ezwnQxl4OFxY_ROB7YMnFRBrDJ2w\" target=\"_blank\" rel=\"nofollow noopener noreferrer\">Opt in<\/a><\/td><\/tr><tr><td>Lingua di consultazione (Plugin\u00a0<strong>WPML<\/strong>\u00a0di WordPress<\/td><td>Cookie necessari a memorizzare la lingua di consultazione dell\u2019utente. La scelta viene memorizzata e ricordata per 10 giorni, dopodich\u00e8 sar\u00e0 cancellata dal sistema<\/td><td>Lingua di consultazione del sito<\/td><td>Cookie registrato sul PC dell\u2019utente e non inviato in esterno \u2013\u00a0<a href=\"https:\/\/wpml.org\/documentation\/support\/browser-cookies-stored-wpml\/\" target=\"_blank\" rel=\"noopener\">DETTAGLIO<\/a><\/td><\/tr><\/tbody><\/table><\/div><hr \/><\/div><\/div><\/div><\/div><\/div><\/div><div><div><div><div><h2>Come disabilitare i cookie mediante configurazione del browser<\/h2><\/div><\/div><div><div><p>Le impostazioni riguardanti i cookie possono essere controllate e modificate dalle \u201cPreferenze\u201d del browser. Seleziona qui sotto il browser che stai utilizzando, per informazioni su come modificare le impostazioni dei cookie.<\/p><ul><li><a href=\"https:\/\/support.apple.com\/kb\/ph19214?locale=en_US\" target=\"_blank\" rel=\"noopener\">Apple Safari<\/a><\/li><li><a href=\"https:\/\/support.google.com\/chrome\/answer\/95647?co=GENIE.Platform%3DDesktop&amp;hl=en\" target=\"_blank\" rel=\"noopener\">Google Chrome<\/a><\/li><li><a href=\"https:\/\/privacy.microsoft.com\/en-us\/windows-10-microsoft-edge-and-privacy\" target=\"_blank\" rel=\"noopener\">Microsoft Edge<\/a><\/li><li><a href=\"https:\/\/support.microsoft.com\/en-gb\/help\/17442\/windows-internet-explorer-delete-manage-cookies\" target=\"_blank\" rel=\"noopener\">Microsoft Internet Explorer<\/a><\/li><li><a href=\"https:\/\/support.mozilla.org\/en-US\/kb\/enable-and-disable-cookies-website-preferences\" target=\"_blank\" rel=\"noopener\">Mozilla Firefox<\/a><\/li><li><a href=\"http:\/\/www.opera.com\/help\/tutorials\/security\/cookies\/\" target=\"_blank\" rel=\"noopener\">Opera<\/a><\/li><li><a href=\"https:\/\/support.google.com\/chrome\/answer\/95647?co=GENIE.Platform%3DAndroid&amp;hl=en&amp;oco=1\" target=\"_blank\" rel=\"noopener\">Android (Chrome)<\/a><\/li><li><a href=\"https:\/\/help.blackberry.com\/en\/blackberry-classic\/10.3.1\/help\/mwa1334238823957.html\" target=\"_blank\" rel=\"noopener\">Blackberry<\/a><\/li><li><a href=\"https:\/\/support.google.com\/chrome\/answer\/95647?co=GENIE.Platform%3DiOS&amp;hl=en&amp;oco=1\" target=\"_blank\" rel=\"noopener\">Iphone or Ipad (Chrome)<\/a><\/li><li><a href=\"https:\/\/support.google.com\/chrome\/answer\/95647?co=GENIE.Platform%3DAndroid&amp;hl=en&amp;oco=1\" target=\"_blank\" rel=\"noopener\">Iphone or Ipad (Safari)<\/a><\/li><\/ul><div><div><p>Se desiderate un controllo maggiore sui cookie utilizzati sul vostro pc potete consultare questo sito ed eventualmente specificare ulteriori preferenze:\u00a0<a href=\"http:\/\/www.youronlinechoices.com\/it\/\" target=\"_blank\" rel=\"noopener\">http:\/\/www.youronlinechoices.com\/it\/<\/a><\/p><div><div><p>Questa pagina \u00e8 visibile, mediante link in calce in tutte le pagine del Sito ai sensi del Regolamento Generale sulla Protezione dei Dati UE 679\/2016.<\/p><\/div><\/div><\/div><\/div><\/div><\/div><\/div><\/div>\t\t\t\t\t\t\t\t<\/div>\n\t\t\t\t<div class=\"elementor-element elementor-element-c75c341 sc_height_huge elementor-widget elementor-widget-spacer\" data-id=\"c75c341\" data-element_type=\"widget\" data-settings=\"{&quot;ekit_we_effect_on&quot;:&quot;none&quot;}\" data-widget_type=\"spacer.default\">\n\t\t\t\t\t\t\t<div class=\"elementor-spacer\">\n\t\t\t<div class=\"elementor-spacer-inner\"><\/div>\n\t\t<\/div>\n\t\t\t\t\t\t<\/div>\n\t\t\t\t\t<\/div>\n\t\t<\/div>\n\t\t\t\t\t<\/div>\n\t\t<\/section>\n\t\t\t\t<\/div>\n\t\t","protected":false},"excerpt":{"rendered":"<p>Uso dei cookie Questo sito utilizza i Cookie per rendere i propri servizi semplici e efficienti per l\u2019utenza che visiona le pagine. Vi sono\u00a0vari tipi di cookie, alcuni per rendere&hellip;<\/p>\n","protected":false},"author":1,"featured_media":21587,"parent":0,"menu_order":0,"comment_status":"closed","ping_status":"closed","template":"","meta":{"footnotes":""},"class_list":["post-77375","page","type-page","status-publish","has-post-thumbnail","hentry"],"_links":{"self":[{"href":"https:\/\/castellogabbiano.it\/it\/wp-json\/wp\/v2\/pages\/77375","targetHints":{"allow":["GET"]}}],"collection":[{"href":"https:\/\/castellogabbiano.it\/it\/wp-json\/wp\/v2\/pages"}],"about":[{"href":"https:\/\/castellogabbiano.it\/it\/wp-json\/wp\/v2\/types\/page"}],"author":[{"embeddable":true,"href":"https:\/\/castellogabbiano.it\/it\/wp-json\/wp\/v2\/users\/1"}],"replies":[{"embeddable":true,"href":"https:\/\/castellogabbiano.it\/it\/wp-json\/wp\/v2\/comments?post=77375"}],"version-history":[{"count":0,"href":"https:\/\/castellogabbiano.it\/it\/wp-json\/wp\/v2\/pages\/77375\/revisions"}],"wp:featuredmedia":[{"embeddable":true,"href":"https:\/\/castellogabbiano.it\/it\/wp-json\/wp\/v2\/media\/21587"}],"wp:attachment":[{"href":"https:\/\/castellogabbiano.it\/it\/wp-json\/wp\/v2\/media?parent=77375"}],"curies":[{"name":"wp","href":"https:\/\/api.w.org\/{rel}","templated":true}]}}