{"id":77339,"date":"2023-03-23T10:47:09","date_gmt":"2023-03-23T10:47:09","guid":{"rendered":"https:\/\/www.castellogabbiano.it\/?page_id=77339"},"modified":"2023-03-23T10:49:11","modified_gmt":"2023-03-23T10:49:11","slug":"condizioni-di-vendita","status":"publish","type":"page","link":"https:\/\/castellogabbiano.it\/it\/condizioni-di-vendita\/","title":{"rendered":"Condizioni di vendita"},"content":{"rendered":"\t\t<div data-elementor-type=\"wp-page\" data-elementor-id=\"77339\" class=\"elementor elementor-77339\" data-elementor-post-type=\"page\">\n\t\t\t\t\t\t<section data-particle_enable=\"false\" data-particle-mobile-disabled=\"false\" class=\"elementor-section elementor-top-section elementor-element elementor-element-d3b9168 scheme_default elementor-section-boxed elementor-section-height-default elementor-section-height-default sc_fly_static\" data-id=\"d3b9168\" data-element_type=\"section\" data-settings=\"{&quot;background_background&quot;:&quot;classic&quot;,&quot;ekit_has_onepagescroll_dot&quot;:&quot;yes&quot;}\">\n\t\t\t\t\t\t<div class=\"elementor-container elementor-column-gap-extended\">\n\t\t\t\t\t<div class=\"elementor-column elementor-col-100 elementor-top-column elementor-element elementor-element-c59a420 sc_inner_width_none sc_content_align_inherit sc_layouts_column_icons_position_left sc_fly_static\" data-id=\"c59a420\" data-element_type=\"column\">\n\t\t\t<div class=\"elementor-widget-wrap elementor-element-populated\">\n\t\t\t\t\t\t<div class=\"elementor-element elementor-element-9690490 sc_height_huge elementor-widget elementor-widget-spacer\" data-id=\"9690490\" data-element_type=\"widget\" data-settings=\"{&quot;ekit_we_effect_on&quot;:&quot;none&quot;}\" data-widget_type=\"spacer.default\">\n\t\t\t\t\t\t\t<div class=\"elementor-spacer\">\n\t\t\t<div class=\"elementor-spacer-inner\"><\/div>\n\t\t<\/div>\n\t\t\t\t\t\t<\/div>\n\t\t\t\t<div class=\"elementor-element elementor-element-e777f3f elementor-widget elementor-widget-heading\" data-id=\"e777f3f\" data-element_type=\"widget\" data-settings=\"{&quot;ekit_we_effect_on&quot;:&quot;none&quot;}\" data-widget_type=\"heading.default\">\n\t\t\t\t\t<h1 class=\"elementor-heading-title elementor-size-default\">Condizioni di vendita<\/h1>\t\t\t\t<\/div>\n\t\t\t\t<div class=\"elementor-element elementor-element-10dc0c0 sc_height_small elementor-widget elementor-widget-spacer\" data-id=\"10dc0c0\" data-element_type=\"widget\" data-settings=\"{&quot;ekit_we_effect_on&quot;:&quot;none&quot;}\" data-widget_type=\"spacer.default\">\n\t\t\t\t\t\t\t<div class=\"elementor-spacer\">\n\t\t\t<div class=\"elementor-spacer-inner\"><\/div>\n\t\t<\/div>\n\t\t\t\t\t\t<\/div>\n\t\t\t\t<div class=\"elementor-element elementor-element-2f4a57b elementor-widget elementor-widget-text-editor\" data-id=\"2f4a57b\" data-element_type=\"widget\" data-settings=\"{&quot;ekit_we_effect_on&quot;:&quot;none&quot;}\" data-widget_type=\"text-editor.default\">\n\t\t\t\t\t\t\t\t\t<h3>PREMESSA<\/h3><p>L\u2019accesso e l\u2019utilizzo dell\u2019area riservata del sito https:\/\/castellogabbiano.it \u00e8 soggetto alla preliminare adesione ai termini e alle condizioni sotto riportati. La preghiamo di esaminare attentamente questo documento, e di manifestare, se nel caso, la sua adesione alle condizioni riportate, selezionando \u201caccetto\u201d, ai fini di accedere ai servizi di vendita on-line. Quelle che seguono sono le condizioni che regolano la vendita dei prodotti commercializzati da:<\/p><p><strong>Beringer Blass Italia Srl Azienda Agricola<\/strong><br \/><strong>Sede Legale: Via Gabbiano 22 \u2013 50020 Mercatale V.P. FI<\/strong><br \/><strong>P. IVA: 12926500153<\/strong><br \/><strong>E-mail:\u00a0<a href=\"mailto:castellogabbiano@castellogabbiano.it\">castellogabbiano@castellogabbiano.it<\/a><\/strong><br \/><strong>TEL. 055\/821053<\/strong><br \/><strong>FAX: 055\/8218082<\/strong><\/p><p>Beringer Blass Italia Srl Azienda Agricola e\u2019 titolare del sito castellogabbiano.it<\/p><h3>OGGETTO<\/h3><p>Le presenti Condizioni Generali hanno per oggetto l\u2019acquisto di prodotti, effettuato a distanza tramite rete telematica sul sito \u201ccastellogabbiano.it\u201d. Tramite il servizio e-commerce il Fornitore (Beringer Blass Italia Srl Azienda Agricola \u2013 Via Gabbiano 22 \u2013 50020 Mercatale V.P. FI \u2013 IVA: 12926500153 Cap. Soc. \u20ac1.303.000,00, R.E.A. 517979, N\u00b0 registro imprese 12926500153 del registro delle imprese di Firenze) mette a disposizione del Cliente un negozio virtuale dal quale \u00e8 possibile visionare ed acquistare i prodotti illustrati sul sito.<br \/>Le condizioni di vendita di seguito riportate rimarranno efficaci finch\u00e9 non verranno variate dal Fornitore. Le eventuali modifiche alle condizioni di vendita saranno efficaci dal momento in cui saranno pubblicate sul sito Internet castellogabbiano.it e si riferiranno alle vendite effettuate da quel momento in poi.<br \/>Ogni operazione d\u2019acquisto sar\u00e0 regolata dalle disposizioni di cui al Dlgs n. 185\/99 e, per quanto concerne la tutela della riservatezza, sar\u00e0 sottoposta alla normativa di cui alla Legge n. 675\/96 e successive modifiche<br \/>Le condizioni di vendita si riferiscono ad acquisti effettuati da clienti residenti nel territorio nazionale. Per vendite e spedizioni in Sicilia, Sardegna ed isole minori le condizioni vanno concordate preventivamente in forma scritta.<\/p><h3>PREZZI E MODALIT\u00c0 D\u2019ACQUISTO<\/h3><p>Tutti i prezzi di vendita dei prodotti esposti ed indicati all\u2019interno del sito Web castellogabbiano.it , per i quali costituiscono offerta al pubblico ai sensi dell\u2019art. 1336 c.c., sono comprensivi di I.V.A. ed espressi in Euro.<br \/>Il contratto di acquisto si perfeziona mediante l\u2019esatta compilazione ed il consenso all\u2019acquisto manifestato tramite l\u2019adesione data \u201con-line\u201d. Beringer Blass Italia Srl Azienda Agricola si riserva la facolt\u00e0 di modificare i prezzi in qualsiasi momento escluse le merci acquistate o prenotate prima della modifica. Il cliente pu\u00f2 pagare la merce ordinata utilizzando le modalit\u00e0 di pagamento indicate on-line all\u2019atto dell\u2019acquisto.<br \/>Confermando l\u2019acquisto, a completamento della transazione, il Cliente ricever\u00e0 un messaggio di posta elettronica contenente il Numero, la Data e l\u2019Importo complessivo del proprio Ordine.<\/p><h3>ORDINI<\/h3><p>Ogni ordine contiene l\u2019indicazione della data di inoltro al sistema, il dettaglio degli articoli acquistati, gli eventuali oneri di contrassegno e i singoli prezzi IVA inclusa in Euro, il riepilogo costo totale IVA inclusa.<br \/>Il Cliente d\u00e0 atto di accettare di ricevere la conferma di ordine ed informativa ex art. 4 D. Lgs. 185\/99 a mezzo e-mail. Il cliente si impegna a controllare che quanto indicato nella conferma d\u2019ordine corrisponda esattamente a quanto richiesto e a comunicare entro 24 ore dalla ricezione della conferma d\u2019ordine, ogni eventuale errore mediante messaggio di posta elettronica all\u2019indirizzo shop@castellogabbiano.it . In assenza di tale comunicazione, le condizioni contenute nella conferma d\u2019ordine si intenderanno accettate, e il contratto si intender\u00e0 concluso.<br \/>Il Cliente potr\u00e0 verificare in ogni momento lo stato del proprio ordine sul sito castellogabbiano.it richiamabile tramite accesso verificato (Nome Utente e Password) dalla propria Area Personale riservata.<\/p><h3>PAGAMENTO ON LINE CON CARTA DI CREDITO<\/h3><p>Visa\/Cartas\u00ec (non Electron), Mastercard, American Express. Il pagamento viene verificato istantaneamente dalla banca (tramite tecnologia Paypall o Carta di credito) e l\u2019ordine passa immediatamente ad essere lavorato. Ricevuto il pagamento, Beringer Blass Italia Srl Azienda Agricola dar\u00e0 immediatamente esecuzione all\u2019ordine.<br \/>Inoltre, qualora la destinazione della merce ordinata sia diversa dalla sede dell\u2019intestatario della fattura, la variazione va indicata nel modulo d\u2019ordine.<\/p><h3>CONSEGNA<\/h3><p>Il Fornitore effettua le spedizioni con corriere espresso. I prodotti acquistati saranno consegnati dal Fornitore all\u2019indirizzo indicato dal Cliente. Le consegne dei prodotti avverranno durante tutti i giorni lavorativi.<br \/>I tempi di consegna sono indicativi e comunque da considerarsi validi qualora non sussistano impedimenti fisici o strutturali (ad esempio: indirizzi non corretti, condizioni meteorologiche particolarmente avverse, scioperi e cause di forza maggiore).<br \/>Al momento della partenza dell\u2019ordine verr\u00e0 inviata al Cliente un e-mail di avviso con tutti i dati della spedizione. I tempi di consegna comunicati al Cliente corrispondono a 3 giorni lavorativi e rispecchiano le informazioni ricevute dal corriere espresso, eventuali ritardi o discordanze sono da attribuire al corriere espresso.<br \/>Al momento della ricezione della merce al proprio domicilio il Cliente dovr\u00e0 verificare l\u2019integrit\u00e0 dei colli e la corrispondenza quantitativa e qualitativa con quanto indicato nel documento accompagnatorio. In caso di discordanze e\/o difformit\u00e0 sar\u00e0 cura del Cliente far annotare esattamente le stesse sul documento di trasporto (bolla o fattura accompagnatoria) a pena di decadenza di far valere i propri diritti in proposito.<br \/>Nel caso invece non ci sia corrispondenza tra l\u2019ordine e la consegna, secondo le modalit\u00e0 sopra citate, il cliente non dovr\u00e0 accettare la merce e sollevare la contestazione direttamente al trasportatore. In tale ultimo caso nessun costo sar\u00e0 addebitato al Cliente.<\/p><h3>PROTEZIONE DEI CONSUMATORI E RECESSO<\/h3><p>Il diritto di recesso si applica solo ai beni integri al momento della restituzione.<br \/>Ai sensi e nei limiti di cui al Dlgs 22 maggio 1999, n. 185, il Cliente ha diritto, entro 10 giorni lavorativi dal ricevimento della merce richiesta, di esercitare il diritto di recesso. Ai sensi del citato Dlgs 185\/99 si precisa che il diritto di recesso \u00e8 esclusivamente riservato ai clienti definibili quali \u201cconsumatori\u201d e cio\u00e8 solo alle persone fisiche che acquistano i prodotti per uso proprio e agiscono per scopi non riferibili all\u2019attivit\u00e0 professionale eventualmente svolta, con esclusione quindi di commercianti, rivenditori, professionisti, ecc.<\/p><h3>MODALIT\u00c0 PER L\u2019ESERCIZIO DEL DIRITTO DI RECESSO<\/h3><p>Per l\u2019esercizio del diritto di recesso il Cliente dovr\u00e0 inoltrare, entro il termine di 10 giorni lavorativi decorrenti dal ricevimento del bene, lettera raccomandata con ricevuta di ritorno, ovvero anche comunicazione telefax o mail, al seguente indirizzo: Beringer Blass Italia Srl Azienda Agricola \u2013 Via Gabbiano 22 \u2013 50020 Mercatale V.P. FI \u2013 fax 055 8218082 \u2013 @: shop@castellogabbiano.it . Il Fornitore proceder\u00e0 alla trasmissione dell\u2019ordine di riaccredito relativo al costo della merce spedita e delle prime spese di spedizione entro 14 giorni lavorativi successivi alla spedizione della merce da parte del cliente e comunque non prima della ricezione dei beni.<br \/>I beni devono essere resi in perfette condizioni ed imballati nelle confezioni originali. Le spese di restituzione del bene al mittente restano invece a carico del Cliente. Il Fornitore respinger\u00e0 conseguentemente qualsiasi prodotto restituito non imballato o comunque con modalit\u00e0 diverse da quelle sopra specificate, cos\u00ec come i prodotti per i quali non siano state integralmente gi\u00e0 pagate dal Cliente le spese di restituzione.<br \/>Il Fornitore respinger\u00e0 qualsiasi prodotto nel caso in cui non siano state gi\u00e0 integralmente pagate dal cliente le spese di restituzione, oppure non siano state rispettate le modalit\u00e0 e i tempi previsti dalla Legge (art. 5 Dlgs 185\/99) per la comunicazione dell\u2019esercizio del recesso, o nell\u2019ipotesi in cui il prodotto presenti difetti non segnalati all\u2019atto della consegna.<\/p><h3>MODIFICHE<\/h3><p>Beringer Blass Italia Srl Azienda Agricola si riserva la facolt\u00e0 di modificare in ogni momento le condizioni contrattuali della compravendita, e ogni modifica sar\u00e0 immediatamente efficace dal momento della pubblicazione sul sito castellogabbiano.it e quindi applicabile alle vendite effettuate da quel momento. Pertanto, con il suo accesso al sito web e il suo utilizzo, il cliente si dichiara d\u2019accordo a controllare ogni volta e analiticamente le condizioni contrattuali.<\/p><h3>RECLAMI<\/h3><p>Per qualunque chiarimento od eventuale reclamo il cliente potr\u00e0 contattare la Societ\u00e0 Venditrice al numero 055 821053 oppure all\u2019indirizzo e-mail.shop@castellogabbiano.it<\/p><h3>PRIVACY<\/h3><p>Beringer Blass Italia Srl Azienda Agricola segue con attenzione le\u00a0 procedure richieste dalla Direttiva 95\/46\/UE come recepita dalla D.L. 30 giugno 2003 n. 196 per il trattamento dei dati personali e, per la protezione dei consumatori in materia di contratti a distanza, dalla direttiva 97\/7\/CE come recepita dal Decreto Legislativo 22 maggio 1999, n. 185.<br \/>Il Cliente dichiara di aver preso visione dell\u2019informativa fornita, ai sensi dell\u2019art. 10 L. 675\/1996, all\u2019atto della compilazione dei moduli on-line necessari per completare i propri acquisti e che questi dati saranno utilizzati per finalit\u00e0 strettamente connesse e strumentali alla gestione dei rapporti con il compilante (statistiche interne, feed back di gradimento, acquisizioni preliminari di informazioni dirette alla conclusione di un contratto o alla fornitura di un servizio, ecc.) e finalit\u00e0 connesse agli obblighi previsti dalle leggi vigenti.<br \/>Ai sensi della L. 675\/96 il Cliente dichiara inoltre di conoscere che, qualora in fase di registrazione sia stato espressamente da lui consentito, i dati forniti possano essere utilizzati per finalit\u00e0 promozionali, commerciali e di vendita nonch\u00e9 per statistiche mediante consultazione, elaborazione o raffronto.<\/p><h3>RINVIO<\/h3><p>Per tutto quanto non espressamente previsto nelle presenti condizioni generali si applicano le norme delle leggi vigenti. Approvazione clausole vessatorie ex artt. 1341 e 1342.<br \/>Ai sensi degli artt. 1341 e 1342 C.C., il cliente dichiara di aver letto e di approvare specificatamente le clausole di cui ai seguenti articoli delle condizioni generali di vendita: art. 4 prezzi; art. 5 pagamenti; art. 6 consegna; art. 10 foro competente.<br \/>Al fine di avere una copia scritta delle norme contenute nel presente contratto e delle informazioni relative alla identificazione del fornitore del servizio e alle condizioni dello stesso, ai sensi dell\u2019art. 3 del D. Lgs. 185\/1999, il cliente \u00e8 tenuto a stampare o salvare su supporto informatico le presenti condizioni generali.<\/p><h3>GARANZIA SERVER SICURO<\/h3><p>Tutte le transazioni con castellogabbiano.it sono garantite a livello di sicurezza.<br \/>Tutte le informazioni \u201csensibili\u201d (inclusi il nome e l\u2019indirizzo, oltre ai dati della carta di credito) vengono inseriti all\u2019interno di una pagina, protetta attraverso il protocollo Secure Socket Layer (SSL), posta su un server di Banca Intesa, l\u2019istituto di credito che gestisce e autorizza tutte le transazioni finanziarie poste in essere sul sito castellogabbiano.it<\/p><h3>LEGGE APPLICABILE<\/h3><p>Per tutti i servizi di e-commerce del sito castellogabbiano.it si applica in via esclusiva la legge dello Stato Italiano.<br \/>Ai sensi degli artt. 1341 \u2013 1342 C.C. il Cliente dichiara di aver letto e di accettare le clausole delle condizioni generali di vendita sul sito castellogabbiano.it.<\/p><h3>GIURISDIZIONE E FORO COMPETENTE<\/h3><p>Ogni controversia relativa all\u2019applicazione, esecuzione, interpretazione e violazione dei contratti d\u2019acquisto stipulati \u201con-line\u201d tramite il sito web castellogabbiano.it \u00e8 sottoposta alla giurisdizione italiana; le presenti condizioni generali si riportano, per quanto non espressamente ivi previsto, al combinato disposto del decreto legislativo n\u00b0 50 del 15.1.1992 e del decreto legislativo n\u00b0 185 del 22.5.1999.<\/p>\t\t\t\t\t\t\t\t<\/div>\n\t\t\t\t<div class=\"elementor-element elementor-element-c75c341 sc_height_huge elementor-widget elementor-widget-spacer\" data-id=\"c75c341\" data-element_type=\"widget\" data-settings=\"{&quot;ekit_we_effect_on&quot;:&quot;none&quot;}\" data-widget_type=\"spacer.default\">\n\t\t\t\t\t\t\t<div class=\"elementor-spacer\">\n\t\t\t<div class=\"elementor-spacer-inner\"><\/div>\n\t\t<\/div>\n\t\t\t\t\t\t<\/div>\n\t\t\t\t\t<\/div>\n\t\t<\/div>\n\t\t\t\t\t<\/div>\n\t\t<\/section>\n\t\t\t\t<\/div>\n\t\t","protected":false},"excerpt":{"rendered":"<p>Condizioni di vendita PREMESSA L\u2019accesso e l\u2019utilizzo dell\u2019area riservata del sito https:\/\/castellogabbiano.it \u00e8 soggetto alla preliminare adesione ai termini e alle condizioni sotto riportati. La preghiamo di esaminare attentamente questo&hellip;<\/p>\n","protected":false},"author":1,"featured_media":21586,"parent":0,"menu_order":0,"comment_status":"closed","ping_status":"closed","template":"","meta":{"footnotes":""},"class_list":["post-77339","page","type-page","status-publish","has-post-thumbnail","hentry"],"_links":{"self":[{"href":"https:\/\/castellogabbiano.it\/it\/wp-json\/wp\/v2\/pages\/77339","targetHints":{"allow":["GET"]}}],"collection":[{"href":"https:\/\/castellogabbiano.it\/it\/wp-json\/wp\/v2\/pages"}],"about":[{"href":"https:\/\/castellogabbiano.it\/it\/wp-json\/wp\/v2\/types\/page"}],"author":[{"embeddable":true,"href":"https:\/\/castellogabbiano.it\/it\/wp-json\/wp\/v2\/users\/1"}],"replies":[{"embeddable":true,"href":"https:\/\/castellogabbiano.it\/it\/wp-json\/wp\/v2\/comments?post=77339"}],"version-history":[{"count":0,"href":"https:\/\/castellogabbiano.it\/it\/wp-json\/wp\/v2\/pages\/77339\/revisions"}],"wp:featuredmedia":[{"embeddable":true,"href":"https:\/\/castellogabbiano.it\/it\/wp-json\/wp\/v2\/media\/21586"}],"wp:attachment":[{"href":"https:\/\/castellogabbiano.it\/it\/wp-json\/wp\/v2\/media?parent=77339"}],"curies":[{"name":"wp","href":"https:\/\/api.w.org\/{rel}","templated":true}]}}